{"id":808,"date":"2020-11-03T16:36:01","date_gmt":"2020-11-03T15:36:01","guid":{"rendered":"https:\/\/www.freshupmedia.com\/?page_id=808"},"modified":"2022-01-17T08:32:59","modified_gmt":"2022-01-17T07:32:59","slug":"votre-site-internet","status":"publish","type":"page","link":"https:\/\/www.freshupmedia.com\/index.php\/votre-site-internet\/","title":{"rendered":"Votre site internet"},"content":{"rendered":"<!--themify_builder_content-->\n<div id=\"themify_builder_content-808\" data-postid=\"808\" class=\"themify_builder_content themify_builder_content-808 themify_builder tf_clear\">\n    <\/div>\n<!--\/themify_builder_content-->\n\n\n<h2>Savez-vous ce dont vous avez besoin ?<\/h2>\n\n\n\n<figure class=\"wp-block-image size-large\"><img loading=\"lazy\" width=\"1024\" height=\"683\" src=\"https:\/\/www.freshupmedia.com\/wp-content\/uploads\/2020\/09\/startup-3267505_1920-1024x683.jpg\" alt=\"\" class=\"wp-image-196\" srcset=\"https:\/\/www.freshupmedia.com\/wp-content\/uploads\/2020\/09\/startup-3267505_1920-1024x683.jpg 1024w, https:\/\/www.freshupmedia.com\/wp-content\/uploads\/2020\/09\/startup-3267505_1920-300x200.jpg 300w, https:\/\/www.freshupmedia.com\/wp-content\/uploads\/2020\/09\/startup-3267505_1920-768x512.jpg 768w, https:\/\/www.freshupmedia.com\/wp-content\/uploads\/2020\/09\/startup-3267505_1920-1536x1024.jpg 1536w, https:\/\/www.freshupmedia.com\/wp-content\/uploads\/2020\/09\/startup-3267505_1920-360x240.jpg 360w, https:\/\/www.freshupmedia.com\/wp-content\/uploads\/2020\/09\/startup-3267505_1920.jpg 1920w\" sizes=\"(max-width: 1024px) 100vw, 1024px\" \/><\/figure>\n\n\n\n<p>Qu&rsquo;ils soient \u00ab\u00a0statiques\u00a0\u00bb, automatis\u00e9s ou \u00e9volutifs, aujourd&rsquo;hui il existe une multitude de sortes de sites internet qui offrent des fonctionnalit\u00e9s plus puissantes les unes que les autres.<br>Que ce soit des sites totalement automatis\u00e9s ou modifiables \u00e0 la demande, ils partagent le m\u00eame avantage que d&rsquo;\u00eatre pr\u00e9sent sur le net, l\u00e0 o\u00f9 sont vos clients. Mais rien ne sert d&rsquo;avoir un site aux capacit\u00e9s disproportionn\u00e9es car ce dont vous avez r\u00e9ellement besoin est d&rsquo;un outil efficace en fonction de votre domaine d&rsquo;activit\u00e9 et coh\u00e9rent avec vos objectifs !<\/p>\n\n\n\n<p><br><strong>Voici les principaux mod\u00e8les :<\/strong><\/p>\n\n\n\n<div class=\"wp-block-columns are-vertically-aligned-top\">\n<div class=\"wp-block-column is-vertically-aligned-top\" style=\"flex-basis:33.33%\">\n<h4 class=\"has-text-color\" style=\"color:#04b4ff\">Le site vitrine<\/h4>\n\n\n\n<p>C&rsquo;est le socle de base qui pr\u00e9sente une entit\u00e9 sous son meilleur jour et propose aux internautes toutes les informations utiles et essentielles : adresse, horaires, contact, tarifs, prestations ou services etc\u2026<\/p>\n<\/div>\n\n\n\n<div class=\"wp-block-column is-vertically-aligned-top\" style=\"flex-basis:66.66%\">\n<div class=\"wp-block-image\"><figure class=\"aligncenter size-large\"><img loading=\"lazy\" width=\"1024\" height=\"680\" src=\"https:\/\/www.freshupmedia.com\/wp-content\/uploads\/2020\/11\/macbook-577758_1920-1024x680.jpg\" alt=\"\" class=\"wp-image-946\" srcset=\"https:\/\/www.freshupmedia.com\/wp-content\/uploads\/2020\/11\/macbook-577758_1920-1024x680.jpg 1024w, https:\/\/www.freshupmedia.com\/wp-content\/uploads\/2020\/11\/macbook-577758_1920-300x199.jpg 300w, https:\/\/www.freshupmedia.com\/wp-content\/uploads\/2020\/11\/macbook-577758_1920-768x510.jpg 768w, https:\/\/www.freshupmedia.com\/wp-content\/uploads\/2020\/11\/macbook-577758_1920-1536x1020.jpg 1536w, https:\/\/www.freshupmedia.com\/wp-content\/uploads\/2020\/11\/macbook-577758_1920-360x240.jpg 360w, https:\/\/www.freshupmedia.com\/wp-content\/uploads\/2020\/11\/macbook-577758_1920.jpg 1920w\" sizes=\"(max-width: 1024px) 100vw, 1024px\" \/><\/figure><\/div>\n\n\n\n<p><\/p>\n<\/div>\n<\/div>\n\n\n\n<div class=\"wp-block-columns\">\n<div class=\"wp-block-column\" style=\"flex-basis:66.66%\">\n<figure class=\"wp-block-image size-large\"><img loading=\"lazy\" width=\"1024\" height=\"683\" src=\"https:\/\/www.freshupmedia.com\/wp-content\/uploads\/2020\/11\/ipad-820272_1920-1024x683.jpg\" alt=\"\" class=\"wp-image-948\" srcset=\"https:\/\/www.freshupmedia.com\/wp-content\/uploads\/2020\/11\/ipad-820272_1920-1024x683.jpg 1024w, https:\/\/www.freshupmedia.com\/wp-content\/uploads\/2020\/11\/ipad-820272_1920-300x200.jpg 300w, https:\/\/www.freshupmedia.com\/wp-content\/uploads\/2020\/11\/ipad-820272_1920-768x512.jpg 768w, https:\/\/www.freshupmedia.com\/wp-content\/uploads\/2020\/11\/ipad-820272_1920-1536x1024.jpg 1536w, https:\/\/www.freshupmedia.com\/wp-content\/uploads\/2020\/11\/ipad-820272_1920-360x240.jpg 360w, https:\/\/www.freshupmedia.com\/wp-content\/uploads\/2020\/11\/ipad-820272_1920.jpg 1920w\" sizes=\"(max-width: 1024px) 100vw, 1024px\" \/><\/figure>\n<\/div>\n\n\n\n<div class=\"wp-block-column\" style=\"flex-basis:33.33%\">\n<h4 class=\"has-text-color\" style=\"color:#04b4ff\">Le site portail<\/h4>\n\n\n\n<p>Administrable et offrant plus de fonctionnalit\u00e9s, il a l&rsquo;avantage de pouvoir \u00eatre mis \u00e0 jour par vos soins pour l&rsquo;alimenter en contenu pertinent avec votre actualit\u00e9, selon vos projets ou vos objectifs.<\/p>\n\n\n\n<div class=\"wp-block-columns\">\n<div class=\"wp-block-column\" style=\"flex-basis:66.66%\"><\/div>\n<\/div>\n<\/div>\n<\/div>\n\n\n\n<div class=\"wp-block-columns\">\n<div class=\"wp-block-column\" style=\"flex-basis:33.33%\">\n<h4 class=\"has-text-color\" style=\"color:#04b4ff\">Le site marchand<\/h4>\n\n\n\n<p>Que vous ne vendiez que quelques r\u00e9f\u00e9rences  ou au contraire si vous devez g\u00e9rer une multitudes de produits ou d&rsquo;offres, il vous faudra un site \u00e0 la fois souple et performant pour pouvoir vous concentrer sur votre activit\u00e9 !<br><\/p>\n<\/div>\n\n\n\n<div class=\"wp-block-column\" style=\"flex-basis:66.66%\">\n<div class=\"wp-block-image\"><figure class=\"aligncenter size-large\"><img loading=\"lazy\" width=\"1024\" height=\"679\" src=\"https:\/\/www.freshupmedia.com\/wp-content\/uploads\/2020\/11\/shopping-4000414_1920-1024x679.jpg\" alt=\"\" class=\"wp-image-951\" srcset=\"https:\/\/www.freshupmedia.com\/wp-content\/uploads\/2020\/11\/shopping-4000414_1920-1024x679.jpg 1024w, https:\/\/www.freshupmedia.com\/wp-content\/uploads\/2020\/11\/shopping-4000414_1920-300x199.jpg 300w, https:\/\/www.freshupmedia.com\/wp-content\/uploads\/2020\/11\/shopping-4000414_1920-768x510.jpg 768w, https:\/\/www.freshupmedia.com\/wp-content\/uploads\/2020\/11\/shopping-4000414_1920-1536x1019.jpg 1536w, https:\/\/www.freshupmedia.com\/wp-content\/uploads\/2020\/11\/shopping-4000414_1920-360x240.jpg 360w, https:\/\/www.freshupmedia.com\/wp-content\/uploads\/2020\/11\/shopping-4000414_1920.jpg 1920w\" sizes=\"(max-width: 1024px) 100vw, 1024px\" \/><\/figure><\/div>\n\n\n\n<p><\/p>\n<\/div>\n\n\n\n<div class=\"wp-block-column\"><\/div>\n<\/div>\n\n\n\n<div class=\"wp-block-columns\">\n<div class=\"wp-block-column\" style=\"flex-basis:66.66%\">\n<figure class=\"wp-block-image size-large\"><img loading=\"lazy\" width=\"1024\" height=\"611\" src=\"https:\/\/www.freshupmedia.com\/wp-content\/uploads\/2020\/11\/business-3639453_1920-1024x611.jpg\" alt=\"\" class=\"wp-image-954\" srcset=\"https:\/\/www.freshupmedia.com\/wp-content\/uploads\/2020\/11\/business-3639453_1920-1024x611.jpg 1024w, https:\/\/www.freshupmedia.com\/wp-content\/uploads\/2020\/11\/business-3639453_1920-300x179.jpg 300w, https:\/\/www.freshupmedia.com\/wp-content\/uploads\/2020\/11\/business-3639453_1920-768x458.jpg 768w, https:\/\/www.freshupmedia.com\/wp-content\/uploads\/2020\/11\/business-3639453_1920-1536x916.jpg 1536w, https:\/\/www.freshupmedia.com\/wp-content\/uploads\/2020\/11\/business-3639453_1920.jpg 1920w\" sizes=\"(max-width: 1024px) 100vw, 1024px\" \/><\/figure>\n<\/div>\n\n\n\n<div class=\"wp-block-column\" style=\"flex-basis:33.33%\">\n<h4 class=\"has-text-color\" style=\"color:#04b4ff\">Le site sur mesure<\/h4>\n\n\n\n<p>C&rsquo;est la version id\u00e9ale mais qui demande une r\u00e9flexion pouss\u00e9e et pr\u00e9cise pour cadrer au mieux avec les imp\u00e9ratifs de votre plan marketing !<\/p>\n<\/div>\n<\/div>\n\n\n\n<div style=\"height:100px\" aria-hidden=\"true\" class=\"wp-block-spacer\"><\/div>\n\n\n\n<h2>Mes forfaits par type de site :<\/h2>\n\n\n\n<figure class=\"wp-block-table alignwide is-style-stripes\"><table><tbody><tr><td><\/td><td><\/td><td><\/td><td>Prix<\/td><\/tr><tr><td>Blog<\/td><td><\/td><td><\/td><td>800 \u20ac<\/td><\/tr><tr><td>Site vitrine<\/td><td><\/td><td><\/td><td>1500 \u20ac<\/td><\/tr><tr><td>Site portail<\/td><td><\/td><td><\/td><td>2500 \u20ac<\/td><\/tr><tr><td>Site e-commerce<\/td><td><\/td><td><\/td><td>3000 \u20ac<\/td><\/tr><\/tbody><\/table><\/figure>\n\n\n\n<p><br><strong>Vous b\u00e9n\u00e9ficiez, pour chaque forfait, de fonctionnalit\u00e9s essentielles. Vous pouvez en ajouter pour r\u00e9pondre \u00e0 des besoins sp\u00e9cifiques.<\/strong> Cela fera l&rsquo;objet d&rsquo;un devis.<\/p>\n\n\n\n<div style=\"height:100px\" aria-hidden=\"true\" class=\"wp-block-spacer\"><\/div>\n\n\n\n<h2>Fonctionnalit\u00e9s<\/h2>\n\n\n\n<figure class=\"wp-block-image size-large\"><img loading=\"lazy\" width=\"1024\" height=\"724\" src=\"https:\/\/www.freshupmedia.com\/wp-content\/uploads\/2020\/11\/industry-2630319_1920-1024x724.jpg\" alt=\"\" class=\"wp-image-964\" srcset=\"https:\/\/www.freshupmedia.com\/wp-content\/uploads\/2020\/11\/industry-2630319_1920-1024x724.jpg 1024w, https:\/\/www.freshupmedia.com\/wp-content\/uploads\/2020\/11\/industry-2630319_1920-300x212.jpg 300w, https:\/\/www.freshupmedia.com\/wp-content\/uploads\/2020\/11\/industry-2630319_1920-768x543.jpg 768w, https:\/\/www.freshupmedia.com\/wp-content\/uploads\/2020\/11\/industry-2630319_1920-1536x1086.jpg 1536w, https:\/\/www.freshupmedia.com\/wp-content\/uploads\/2020\/11\/industry-2630319_1920.jpg 1920w\" sizes=\"(max-width: 1024px) 100vw, 1024px\" \/><\/figure>\n\n\n\n<p><strong>Voici une liste non exhaustive de fonctionnalit\u00e9s disponibles : <\/strong><\/p>\n\n\n\n<div class=\"wp-block-columns\">\n<div class=\"wp-block-column\">\n<p>Administration du site <br>Gestion de contributeurs<br>Galerie Photos et Vid\u00e9os<br>Catalogue Produits<br>E-commerce \u2013 Bouton d\u2019achat<br>Blog<br>Newsletter<br>R\u00e9servation en Ligne, \u00c9v\u00e9nementiel, Prise de Rdv<br>Billetterie<br>Acc\u00e8s clients et espace membres<br><br><\/p>\n<\/div>\n\n\n\n<div class=\"wp-block-column\">\n<p>Boutons de partages sur les r\u00e9seaux sociaux<br>Moteur de recherche ( selon contenu )<br>Calendrier d&rsquo;\u00e9v\u00e9nements<br>Adh\u00e9sion<br>Formulaires et formulaire de contact<br>FAQ \u2013 Questions Fr\u00e9quentes<br>Carte Google Map<br>Multilingue<br>Avis Clients \u2013 Commentaires \u2013 T\u00e9moignages<br>Forum<br>Statistiques<\/p>\n<\/div>\n<\/div>\n\n\n\n<h2>Nom de domaine et h\u00e9bergement<\/h2>\n\n\n\n<figure class=\"wp-block-image size-large\"><img loading=\"lazy\" width=\"1024\" height=\"768\" src=\"https:\/\/www.freshupmedia.com\/wp-content\/uploads\/2020\/11\/technology-1587673_1920-1024x768.jpg\" alt=\"\" class=\"wp-image-966\" srcset=\"https:\/\/www.freshupmedia.com\/wp-content\/uploads\/2020\/11\/technology-1587673_1920-1024x768.jpg 1024w, https:\/\/www.freshupmedia.com\/wp-content\/uploads\/2020\/11\/technology-1587673_1920-300x225.jpg 300w, https:\/\/www.freshupmedia.com\/wp-content\/uploads\/2020\/11\/technology-1587673_1920-768x576.jpg 768w, https:\/\/www.freshupmedia.com\/wp-content\/uploads\/2020\/11\/technology-1587673_1920-1536x1152.jpg 1536w, https:\/\/www.freshupmedia.com\/wp-content\/uploads\/2020\/11\/technology-1587673_1920.jpg 1920w\" sizes=\"(max-width: 1024px) 100vw, 1024px\" \/><\/figure>\n\n\n\n<p><strong>Pour \u00eatre accessible sur internet, votre site doit avoir une adresse et un emplacement.<\/strong> On parle de <strong>nom de domaine<\/strong> et d\u2019<strong>h\u00e9bergement<\/strong>.<br>Ces deux \u00e9l\u00e9ments sont indispensables. <strong>Le nom de domaine correspond \u00e0 l\u2019adresse de votre site sur internet.<\/strong> Il s\u2019enregistre aupr\u00e8s d\u2019organismes appel\u00e9s \u00ab registrar \u00bb. Personnellement je travaille avec OVH pour la cr\u00e9ation de nouveaux sites.<br>Pour r\u00e9server un nom de domaine, il vous en co\u00fbtera en moyenne de 5 \u20ac \u00e0 50 \u20ac par an selon l\u2019extension choisie. Une fois que votre site poss\u00e8de un nom de domaine, il faut que celui-ci soit associ\u00e9 \u00e0 un emplacement sur internet. <strong>Il existe une multitude d\u2019offres en mati\u00e8re d\u2019h\u00e9bergement en fonction de la taille et du trafic de votre site internet et cela \u00e9volutif \u00e0 la demande. <\/strong>Toujours chez OVH, il vous en co\u00fbtera en moyenne de 4 \u20ac \u00e0 12 \u20ac par mois selon l\u2019option choisie.<\/p>\n\n\n\n<div style=\"height:100px\" aria-hidden=\"true\" class=\"wp-block-spacer\"><\/div>\n\n\n\n<h2>Maintenance<\/h2>\n\n\n\n<figure class=\"wp-block-image size-large\"><img loading=\"lazy\" width=\"1024\" height=\"683\" src=\"https:\/\/www.freshupmedia.com\/wp-content\/uploads\/2020\/11\/security-265130_1920-1024x683.jpg\" alt=\"\" class=\"wp-image-961\" srcset=\"https:\/\/www.freshupmedia.com\/wp-content\/uploads\/2020\/11\/security-265130_1920-1024x683.jpg 1024w, https:\/\/www.freshupmedia.com\/wp-content\/uploads\/2020\/11\/security-265130_1920-300x200.jpg 300w, https:\/\/www.freshupmedia.com\/wp-content\/uploads\/2020\/11\/security-265130_1920-768x512.jpg 768w, https:\/\/www.freshupmedia.com\/wp-content\/uploads\/2020\/11\/security-265130_1920-1536x1024.jpg 1536w, https:\/\/www.freshupmedia.com\/wp-content\/uploads\/2020\/11\/security-265130_1920-360x240.jpg 360w, https:\/\/www.freshupmedia.com\/wp-content\/uploads\/2020\/11\/security-265130_1920.jpg 1920w\" sizes=\"(max-width: 1024px) 100vw, 1024px\" \/><\/figure>\n\n\n\n<p>Tout au long de la vie de votre projet, il faudra s\u00fbrement ajouter de nouveaux contenus, installer des mises \u00e0 jour, corriger des bugs et d\u00e9velopper de nouvelles fonctionnalit\u00e9s. C\u2019est ce que l\u2019on appelle la maintenance. <\/p>\n\n\n\n<p><strong>Il existe trois types principaux de maintenance : pr\u00e9ventive, corrective et \u00e9volutive.<\/strong><br>Selon votre projet et l&rsquo;organisation de votre structure vous pourrez \u00e9ventuellement g\u00e9rer la majeure partie en autonomie.<br>Au besoin vous pourrez me contacter en fonction du cas de figure.<\/p>\n\n\n\n<div style=\"height:100px\" aria-hidden=\"true\" class=\"wp-block-spacer\"><\/div>\n\n\n\n<h2>Outils et licences<\/h2>\n\n\n\n<figure class=\"wp-block-image size-large\"><img loading=\"lazy\" width=\"1024\" height=\"683\" src=\"https:\/\/www.freshupmedia.com\/wp-content\/uploads\/2020\/11\/contact-3994018_1920-1024x683.jpg\" alt=\"\" class=\"wp-image-967\" srcset=\"https:\/\/www.freshupmedia.com\/wp-content\/uploads\/2020\/11\/contact-3994018_1920-1024x683.jpg 1024w, https:\/\/www.freshupmedia.com\/wp-content\/uploads\/2020\/11\/contact-3994018_1920-300x200.jpg 300w, https:\/\/www.freshupmedia.com\/wp-content\/uploads\/2020\/11\/contact-3994018_1920-768x512.jpg 768w, https:\/\/www.freshupmedia.com\/wp-content\/uploads\/2020\/11\/contact-3994018_1920-1536x1024.jpg 1536w, https:\/\/www.freshupmedia.com\/wp-content\/uploads\/2020\/11\/contact-3994018_1920-360x240.jpg 360w, https:\/\/www.freshupmedia.com\/wp-content\/uploads\/2020\/11\/contact-3994018_1920.jpg 1920w\" sizes=\"(max-width: 1024px) 100vw, 1024px\" \/><\/figure>\n\n\n\n<p>Un autre type de d\u00e9pense additionnelle que vous pourriez rencontrer concerne les outils et les licences logiciels. <strong>Mon choix des outils que j&rsquo;utilise couvre la globalit\u00e9 des sc\u00e9narios. <\/strong>Si vous devez utiliser des solutions externes pour des fonctionnalit\u00e9s particuli\u00e8res que votre site exige, pensez simplement \u00e0 inclure ce poste de d\u00e9pense lorsque vous \u00e9tablissez votre budget.<br>Il n\u2019est donc pas possible d\u2019en estimer le co\u00fbt ici. <\/p>\n\n\n\n<div style=\"height:100px\" aria-hidden=\"true\" class=\"wp-block-spacer\"><\/div>\n\n\n\n<h2>Formation<\/h2>\n\n\n\n<figure class=\"wp-block-image size-large\"><img loading=\"lazy\" width=\"1024\" height=\"683\" src=\"https:\/\/www.freshupmedia.com\/wp-content\/uploads\/2020\/11\/wordpress-265132_1920-1024x683.jpg\" alt=\"\" class=\"wp-image-968\" srcset=\"https:\/\/www.freshupmedia.com\/wp-content\/uploads\/2020\/11\/wordpress-265132_1920-1024x683.jpg 1024w, https:\/\/www.freshupmedia.com\/wp-content\/uploads\/2020\/11\/wordpress-265132_1920-300x200.jpg 300w, https:\/\/www.freshupmedia.com\/wp-content\/uploads\/2020\/11\/wordpress-265132_1920-768x512.jpg 768w, https:\/\/www.freshupmedia.com\/wp-content\/uploads\/2020\/11\/wordpress-265132_1920-1536x1024.jpg 1536w, https:\/\/www.freshupmedia.com\/wp-content\/uploads\/2020\/11\/wordpress-265132_1920-360x240.jpg 360w, https:\/\/www.freshupmedia.com\/wp-content\/uploads\/2020\/11\/wordpress-265132_1920.jpg 1920w\" sizes=\"(max-width: 1024px) 100vw, 1024px\" \/><\/figure>\n\n\n\n<p><strong>Pour finaliser votre projet il vous sera n\u00e9cessaire de prendre votre site en mains afin de pouvoir le piloter selon vos objectifs. <\/strong><br>En fonction de sa complexit\u00e9 et du nombre de personnes \u00e0 former, un devis sera \u00e0 r\u00e9aliser pour tout hors-forfait.<\/p>\n\n\n\n<div style=\"height:100px\" aria-hidden=\"true\" class=\"wp-block-spacer\"><\/div>\n\n\n\n<h2>Marketing<\/h2>\n\n\n\n<figure class=\"wp-block-image size-large\"><img loading=\"lazy\" width=\"1024\" height=\"682\" src=\"https:\/\/www.freshupmedia.com\/wp-content\/uploads\/2020\/11\/digital-marketing-1725340_1920-1024x682.jpg\" alt=\"\" class=\"wp-image-958\" srcset=\"https:\/\/www.freshupmedia.com\/wp-content\/uploads\/2020\/11\/digital-marketing-1725340_1920-1024x682.jpg 1024w, https:\/\/www.freshupmedia.com\/wp-content\/uploads\/2020\/11\/digital-marketing-1725340_1920-300x200.jpg 300w, https:\/\/www.freshupmedia.com\/wp-content\/uploads\/2020\/11\/digital-marketing-1725340_1920-768x512.jpg 768w, https:\/\/www.freshupmedia.com\/wp-content\/uploads\/2020\/11\/digital-marketing-1725340_1920-1536x1023.jpg 1536w, https:\/\/www.freshupmedia.com\/wp-content\/uploads\/2020\/11\/digital-marketing-1725340_1920-360x240.jpg 360w, https:\/\/www.freshupmedia.com\/wp-content\/uploads\/2020\/11\/digital-marketing-1725340_1920.jpg 1920w\" sizes=\"(max-width: 1024px) 100vw, 1024px\" \/><\/figure>\n\n\n\n<p><strong>Rappelez-vous que votre site web n\u2019existe pas dans le vide.<\/strong> Il fait partie d\u2019un vaste \u00e9cosyst\u00e8me dans lequel vous voulez atteindre vos clients o\u00f9 qu\u2019ils se trouvent. Le site web est un \u00e9l\u00e9ment important, mais ce n\u2019est qu\u2019une partie de votre identit\u00e9 digitale. En effet il faudra le faire conna\u00eetre, diffuser son nom de domaine et donc adopter la strat\u00e9gie ad\u00e9quate.<\/p>\n\n\n\n<div style=\"height:100px\" aria-hidden=\"true\" class=\"wp-block-spacer\"><\/div>\n\n\n\n<h2>Services annexes<\/h2>\n\n\n\n<p><strong>Nouvel outil, nouvelles possibilit\u00e9s !<\/strong> Vous vous rendrez compte alors de votre rayon d&rsquo;action et de nouveaux projets apparaissent.<br>Et la encore je peux intervenir si vos besoins concernent les domaines suivant :<br><strong>Graphisme, \u00e9dition, illustration, packaging, photo, vid\u00e9o, animation, banni\u00e8res, newsletter, publicit\u00e9 r\u00e9seaux sociaux&#8230;<\/strong><\/p>\n\n\n\n<div style=\"height:100px\" aria-hidden=\"true\" class=\"wp-block-spacer\"><\/div>\n\n\n\n<h2>Conseil<\/h2>\n\n\n\n<figure class=\"wp-block-image size-large\"><img loading=\"lazy\" width=\"1024\" height=\"723\" src=\"https:\/\/www.freshupmedia.com\/wp-content\/uploads\/2020\/11\/google-485611_1920-1024x723.png\" alt=\"\" class=\"wp-image-971\" srcset=\"https:\/\/www.freshupmedia.com\/wp-content\/uploads\/2020\/11\/google-485611_1920-1024x723.png 1024w, https:\/\/www.freshupmedia.com\/wp-content\/uploads\/2020\/11\/google-485611_1920-300x212.png 300w, https:\/\/www.freshupmedia.com\/wp-content\/uploads\/2020\/11\/google-485611_1920-768x542.png 768w, https:\/\/www.freshupmedia.com\/wp-content\/uploads\/2020\/11\/google-485611_1920-1536x1085.png 1536w, https:\/\/www.freshupmedia.com\/wp-content\/uploads\/2020\/11\/google-485611_1920.png 1920w\" sizes=\"(max-width: 1024px) 100vw, 1024px\" \/><\/figure>\n\n\n\n<p>A toutes les \u00e9tapes de notre relation et pour tous mes domaines de comp\u00e9tences, je facilite votre r\u00e9flexion de par mon expertise professionnelle.<br><strong>Je vous accompagne durant la conception et la r\u00e9alisation pour que vous fassiez vos choix sereinement. <\/strong><\/p>\n\n\n\n<div style=\"height:100px\" aria-hidden=\"true\" class=\"wp-block-spacer\"><\/div>\n\n\n\n<h2>Pr\u00eat \u00e0 aller plus loin ?<\/h2>\n\n\n\n<div class=\"wp-block-group alignwide\"><div class=\"wp-block-group__inner-container\">\n<p><\/p>\n<\/div><\/div>\n\n\n\n<div class=\"wp-block-cover alignwide has-background-dim is-position-center-center\" style=\"background-color:#beb4f5;min-height:575px\"><div class=\"wp-block-cover__inner-container\">\n<div class=\"wp-block-columns alignwide\">\n<div class=\"wp-block-column\" style=\"flex-basis:12%\">\n<div style=\"height:100px\" aria-hidden=\"true\" class=\"wp-block-spacer\"><\/div>\n<\/div>\n\n\n\n<div class=\"wp-block-column\">\n<div class=\"wp-block-columns\">\n<div class=\"wp-block-column\">\n<div class=\"wp-block-image is-style-default\"><figure class=\"aligncenter size-large\"><img loading=\"lazy\" width=\"1024\" height=\"683\" src=\"https:\/\/www.freshupmedia.com\/wp-content\/uploads\/2020\/11\/compass-5261062_1920-1024x683.jpg\" alt=\"\" class=\"wp-image-972\" srcset=\"https:\/\/www.freshupmedia.com\/wp-content\/uploads\/2020\/11\/compass-5261062_1920-1024x683.jpg 1024w, https:\/\/www.freshupmedia.com\/wp-content\/uploads\/2020\/11\/compass-5261062_1920-300x200.jpg 300w, https:\/\/www.freshupmedia.com\/wp-content\/uploads\/2020\/11\/compass-5261062_1920-768x512.jpg 768w, https:\/\/www.freshupmedia.com\/wp-content\/uploads\/2020\/11\/compass-5261062_1920-1536x1024.jpg 1536w, https:\/\/www.freshupmedia.com\/wp-content\/uploads\/2020\/11\/compass-5261062_1920-360x240.jpg 360w, https:\/\/www.freshupmedia.com\/wp-content\/uploads\/2020\/11\/compass-5261062_1920.jpg 1920w\" sizes=\"(max-width: 1024px) 100vw, 1024px\" \/><\/figure><\/div>\n\n\n\n<p class=\"has-text-align-center\"><strong>Vous souhaitez concr\u00e9tiser votre projet et ne connaissez pas ces domaines ?<\/strong> T\u00e9l\u00e9chargez le document suivant pour approfondir les sujets \u00e9voqu\u00e9s sur cette page. <strong>Vous y trouverez des notions et des d\u00e9tails qu&rsquo;il ne faut pas n\u00e9gliger.<\/strong><\/p>\n\n\n\n<div class=\"wp-block-buttons is-content-justification-center\">\n<div class=\"wp-block-button\"><a class=\"wp-block-button__link has-white-color has-text-color has-background\" href=\"https:\/\/drive.google.com\/file\/d\/1xzdsJxHaP5bCZ0KFRcSadL_rQtjsJhch\/view?usp=sharing\" style=\"background-color:#0b83b6\" target=\"_blank\" rel=\"noreferrer noopener\"><strong>L&rsquo;entreprise sur le web<\/strong><\/a><\/div>\n<\/div>\n<\/div>\n\n\n\n<div class=\"wp-block-column is-vertically-aligned-bottom\">\n<h2 class=\"has-text-align-center\">Gagnez du temps !<\/h2>\n\n\n\n<hr class=\"wp-block-separator\"\/>\n\n\n\n<div style=\"height:50px\" aria-hidden=\"true\" class=\"wp-block-spacer\"><\/div>\n\n\n\n<p class=\"has-text-align-center\"><strong>Vous savez d\u00e9j\u00e0 ce que vous voulez ?<\/strong> <br>Commencez d\u00e8s \u00e0 pr\u00e9sent \u00e0 d\u00e9finir le brief !<\/p>\n\n\n\n<div class=\"wp-block-buttons is-content-justification-center\">\n<div class=\"wp-block-button\"><a class=\"wp-block-button__link has-background\" href=\"https:\/\/drive.google.com\/file\/d\/1xfovun0L4K8_cwlrEeoO-5drZc7vBRMN\/view?usp=sharing\" style=\"background-color:#0b83b6\" target=\"_blank\" rel=\"noreferrer noopener\"><strong>Brief de votre projet<\/strong><\/a><\/div>\n<\/div>\n\n\n\n<hr class=\"wp-block-separator is-style-dots\"\/>\n\n\n\n<p class=\"has-text-align-center\"><strong>Vous voulez me parler directement de votre projet. <\/strong>Remplissez le formulaire suivant<strong> <\/strong>pour un 1er contact.<\/p>\n\n\n\n<div class=\"wp-block-buttons is-content-justification-center\">\n<div class=\"wp-block-button\"><a class=\"wp-block-button__link has-background\" href=\"https:\/\/www.freshupmedia.com\/index.php\/contact\/\" style=\"background-color:#4eca15\"><strong>D\u00e9crivez votre projet !<\/strong><\/a><\/div>\n<\/div>\n<\/div>\n<\/div>\n<\/div>\n\n\n\n<div class=\"wp-block-column\" style=\"flex-basis:12%\">\n<div style=\"height:100px\" aria-hidden=\"true\" class=\"wp-block-spacer\"><\/div>\n<\/div>\n<\/div>\n\n\n\n<p><\/p>\n<\/div><\/div>","protected":false},"excerpt":{"rendered":"<p>Savez-vous ce dont vous avez besoin ? Qu&rsquo;ils soient \u00ab\u00a0statiques\u00a0\u00bb, automatis\u00e9s ou \u00e9volutifs, aujourd&rsquo;hui il existe une multitude de sortes de sites internet qui offrent des fonctionnalit\u00e9s plus puissantes les unes que les autres.Que ce soit des sites totalement automatis\u00e9s ou modifiables \u00e0 la demande, ils partagent le m\u00eame avantage [&hellip;]<\/p>\n","protected":false},"author":1,"featured_media":190,"parent":0,"menu_order":0,"comment_status":"closed","ping_status":"closed","template":"","meta":{"_mi_skip_tracking":false,"_monsterinsights_sitenote_active":false,"_monsterinsights_sitenote_note":"","_monsterinsights_sitenote_category":0},"builder_content":"","_links":{"self":[{"href":"https:\/\/www.freshupmedia.com\/index.php\/wp-json\/wp\/v2\/pages\/808"}],"collection":[{"href":"https:\/\/www.freshupmedia.com\/index.php\/wp-json\/wp\/v2\/pages"}],"about":[{"href":"https:\/\/www.freshupmedia.com\/index.php\/wp-json\/wp\/v2\/types\/page"}],"author":[{"embeddable":true,"href":"https:\/\/www.freshupmedia.com\/index.php\/wp-json\/wp\/v2\/users\/1"}],"replies":[{"embeddable":true,"href":"https:\/\/www.freshupmedia.com\/index.php\/wp-json\/wp\/v2\/comments?post=808"}],"version-history":[{"count":102,"href":"https:\/\/www.freshupmedia.com\/index.php\/wp-json\/wp\/v2\/pages\/808\/revisions"}],"predecessor-version":[{"id":1059,"href":"https:\/\/www.freshupmedia.com\/index.php\/wp-json\/wp\/v2\/pages\/808\/revisions\/1059"}],"wp:featuredmedia":[{"embeddable":true,"href":"https:\/\/www.freshupmedia.com\/index.php\/wp-json\/wp\/v2\/media\/190"}],"wp:attachment":[{"href":"https:\/\/www.freshupmedia.com\/index.php\/wp-json\/wp\/v2\/media?parent=808"}],"curies":[{"name":"wp","href":"https:\/\/api.w.org\/{rel}","templated":true}]}}